{"id":10118,"date":"2023-10-27T14:20:23","date_gmt":"2023-10-27T13:20:23","guid":{"rendered":"http:\/\/www.jetlagstudios.fr\/wp\/?page_id=10118"},"modified":"2025-10-29T20:51:50","modified_gmt":"2025-10-29T19:51:50","slug":"video-de-votre-mariage","status":"publish","type":"page","link":"http:\/\/www.jetlagstudios.fr\/wp\/video-de-votre-mariage\/","title":{"rendered":"Vid\u00e9o de votre mariage"},"content":{"rendered":"<section class=\"l-section wpb_row height_medium\"><div class=\"l-section-h i-cf\"><div class=\"g-cols vc_row via_grid cols_1 laptops-cols_inherit tablets-cols_inherit mobiles-cols_1 valign_top type_default stacking_default\"><div class=\"wpb_column vc_column_container\"><div class=\"vc_column-inner\"><div class=\"w-separator size_medium\"><\/div><div class=\"w-vwrapper us_custom_db98bc72 align_center valign_top\" style=\"--vwrapper-gap:0rem\"><div class=\"w-text us_custom_0259209c has_text_color\"><span class=\"w-text-h\"><span class=\"w-text-value\">C&rsquo;est nouveau<\/span><\/span><\/div><div class=\"w-text us_custom_fc1dc638 has_text_color\"><span class=\"w-text-h\"><span class=\"w-text-value\">et c&rsquo;est g\u00e9nial !<\/span><\/span><\/div><\/div><\/div><\/div><\/div><\/div><\/section><section class=\"l-section wpb_row height_medium\"><div class=\"l-section-h i-cf\"><div class=\"g-cols vc_row via_grid cols_1 laptops-cols_inherit tablets-cols_inherit mobiles-cols_1 valign_top type_default stacking_default\"><div class=\"wpb_column vc_column_container\"><div class=\"vc_column-inner\"><div class=\"wpb_text_column\"><div class=\"wpb_wrapper\"><p style=\"text-align: justify;\">Outre la photographie, je vous propose d\u00e9sormais d&rsquo;immortaliser vos plus beaux instants, en vid\u00e9o<br \/>\n(musiques, mouvements de cam\u00e9ra, rythme du montage : tout est diff\u00e9rent en vid\u00e9o, et les \u00e9motions transmises sont d\u00e9cupl\u00e9es !<\/p>\n<p style=\"text-align: justify;\">2 solutions sont propos\u00e9es :<\/p>\n<ul style=\"text-align: justify;\">\n<li>soit la vid\u00e9o est per\u00e7ue comme un compl\u00e9ment au reportage photo, qui reste la raison premi\u00e8re pour laquelle vous faites appel \u00e0 moi<\/li>\n<li>soit vous souhaitez axer le reportage sur la vid\u00e9o uniquement, et dans ce cas je ne serai plus photographe mais uniquement vid\u00e9aste<\/li>\n<\/ul>\n<p style=\"text-align: justify;\">Mais plus que de longues explications, des exemples seront sans doute plus parlants; la preuve en images :<\/p>\n<\/div><\/div><\/div><\/div><\/div><\/div><\/section><section class=\"l-section wpb_row height_medium\"><div class=\"l-section-h i-cf\"><div class=\"g-cols vc_row via_grid cols_1 laptops-cols_inherit tablets-cols_inherit mobiles-cols_1 valign_top type_default stacking_default\"><div class=\"wpb_column vc_column_container\"><div class=\"vc_column-inner\"><div class=\"g-cols wpb_row via_grid cols_2 laptops-cols_inherit tablets-cols_inherit mobiles-cols_1 valign_top type_default stacking_default\"><div class=\"wpb_column vc_column_container\"><div class=\"vc_column-inner\"><div class=\"w-video align_none ratio_16x9 has_iframe\"><div class=\"w-video-h\"><iframe title=\"Youtube video player\" src=\"\/\/www.youtube.com\/embed\/2Vwx48tQUWg?origin=http:\/\/www.jetlagstudios.fr\/wp&controls=1\" allowfullscreen=\"1\" loading=\"lazy\"><\/iframe><\/div><div class=\"w-video-icon\" style=\"font-size:1.5rem;background:rgba(0,0,0,0.5);color:#fff\"><\/div><\/div><\/div><\/div><div class=\"wpb_column vc_column_container\"><div class=\"vc_column-inner\"><div class=\"w-video align_none ratio_16x9 has_iframe\"><div class=\"w-video-h\"><iframe title=\"Youtube video player\" src=\"\/\/www.youtube.com\/embed\/yOtLyUs-A0Q?origin=http:\/\/www.jetlagstudios.fr\/wp&controls=1\" allowfullscreen=\"1\" loading=\"lazy\"><\/iframe><\/div><div class=\"w-video-icon\" style=\"font-size:1.5rem;background:rgba(0,0,0,0.5);color:#fff\"><\/div><\/div><\/div><\/div><\/div><div class=\"w-separator size_medium with_line width_default thick_1 style_solid color_border align_center\"><div class=\"w-separator-h\"><\/div><\/div><div class=\"g-cols wpb_row via_grid cols_2 laptops-cols_inherit tablets-cols_inherit mobiles-cols_1 valign_top type_default stacking_default\"><div class=\"wpb_column vc_column_container\"><div class=\"vc_column-inner\"><div class=\"w-video align_none ratio_16x9 has_iframe\"><div class=\"w-video-h\"><iframe title=\"Youtube video player\" src=\"\/\/www.youtube.com\/embed\/NZYGrJ59xiE?origin=http:\/\/www.jetlagstudios.fr\/wp&controls=1\" allowfullscreen=\"1\" loading=\"lazy\"><\/iframe><\/div><div class=\"w-video-icon\" style=\"font-size:1.5rem;background:rgba(0,0,0,0.5);color:#fff\"><\/div><\/div><\/div><\/div><div class=\"wpb_column vc_column_container\"><div class=\"vc_column-inner\"><div class=\"w-video align_none ratio_16x9 has_iframe\"><div class=\"w-video-h\"><iframe title=\"Youtube video player\" src=\"\/\/www.youtube.com\/embed\/u7k7qif-5wc?origin=http:\/\/www.jetlagstudios.fr\/wp&controls=1\" allowfullscreen=\"1\" loading=\"lazy\"><\/iframe><\/div><div class=\"w-video-icon\" style=\"font-size:1.5rem;background:rgba(0,0,0,0.5);color:#fff\"><\/div><\/div><\/div><\/div><\/div><div class=\"w-separator size_medium with_line width_default thick_1 style_solid color_border align_center\"><div class=\"w-separator-h\"><\/div><\/div><div class=\"g-cols wpb_row via_grid cols_2 laptops-cols_inherit tablets-cols_inherit mobiles-cols_1 valign_top type_default stacking_default\"><div class=\"wpb_column vc_column_container\"><div class=\"vc_column-inner\"><div class=\"w-video us_custom_35e1d066 align_none ratio_16x9 has_iframe\"><div class=\"w-video-h\"><iframe title=\"Youtube video player\" src=\"\/\/www.youtube.com\/embed\/diXN1-SCKu0?origin=http:\/\/www.jetlagstudios.fr\/wp&controls=1\" allowfullscreen=\"1\" loading=\"lazy\"><\/iframe><\/div><div class=\"w-video-icon\" style=\"font-size:1.5rem;background:rgba(0,0,0,0.5);color:#fff\"><\/div><\/div><\/div><\/div><div class=\"wpb_column vc_column_container\"><div class=\"vc_column-inner\"><div class=\"w-video align_none ratio_16x9 has_iframe\"><div class=\"w-video-h\"><iframe title=\"Youtube video player\" src=\"\/\/www.youtube.com\/embed\/MTZ3HIOilUk?origin=http:\/\/www.jetlagstudios.fr\/wp&controls=1\" allowfullscreen=\"1\" loading=\"lazy\"><\/iframe><\/div><div class=\"w-video-icon\" style=\"font-size:1.5rem;background:rgba(0,0,0,0.5);color:#fff\"><\/div><\/div><\/div><\/div><\/div><div class=\"w-separator size_medium with_line width_default thick_1 style_solid color_border align_center\"><div class=\"w-separator-h\"><\/div><\/div><div class=\"g-cols wpb_row via_grid cols_2 laptops-cols_inherit tablets-cols_inherit mobiles-cols_1 valign_top type_default stacking_default\"><div class=\"wpb_column vc_column_container\"><div class=\"vc_column-inner\"><div class=\"w-video align_none ratio_16x9 has_iframe\"><div class=\"w-video-h\"><iframe title=\"Youtube video player\" src=\"\/\/www.youtube.com\/embed\/JOZMPPwDBNY?origin=http:\/\/www.jetlagstudios.fr\/wp&controls=1\" allowfullscreen=\"1\" loading=\"lazy\"><\/iframe><\/div><div class=\"w-video-icon\" style=\"font-size:1.5rem;background:rgba(0,0,0,0.5);color:#fff\"><\/div><\/div><\/div><\/div><div class=\"wpb_column vc_column_container\"><div class=\"vc_column-inner\"><div class=\"w-video align_none ratio_16x9 has_iframe\"><div class=\"w-video-h\"><iframe title=\"Youtube video player\" src=\"\/\/www.youtube.com\/embed\/wClnsiAkGF4?origin=http:\/\/www.jetlagstudios.fr\/wp&controls=1\" allowfullscreen=\"1\" loading=\"lazy\"><\/iframe><\/div><div class=\"w-video-icon\" style=\"font-size:1.5rem;background:rgba(0,0,0,0.5);color:#fff\"><\/div><\/div><\/div><\/div><\/div><\/div><\/div><\/div><\/div><\/section>\n","protected":false},"excerpt":{"rendered":"C&rsquo;est nouveauet c&rsquo;est g\u00e9nial !Outre la photographie, je vous propose d\u00e9sormais d&rsquo;immortaliser vos plus beaux instants, en vid\u00e9o (musiques, mouvements de cam\u00e9ra, rythme du montage : tout est diff\u00e9rent en vid\u00e9o, et les \u00e9motions transmises sont d\u00e9cupl\u00e9es ! 2 solutions sont propos\u00e9es : soit la vid\u00e9o est per\u00e7ue comme un compl\u00e9ment au reportage photo, qui...","protected":false},"author":1,"featured_media":0,"parent":0,"menu_order":0,"comment_status":"closed","ping_status":"closed","template":"","meta":[],"_links":{"self":[{"href":"http:\/\/www.jetlagstudios.fr\/wp\/wp-json\/wp\/v2\/pages\/10118"}],"collection":[{"href":"http:\/\/www.jetlagstudios.fr\/wp\/wp-json\/wp\/v2\/pages"}],"about":[{"href":"http:\/\/www.jetlagstudios.fr\/wp\/wp-json\/wp\/v2\/types\/page"}],"author":[{"embeddable":true,"href":"http:\/\/www.jetlagstudios.fr\/wp\/wp-json\/wp\/v2\/users\/1"}],"replies":[{"embeddable":true,"href":"http:\/\/www.jetlagstudios.fr\/wp\/wp-json\/wp\/v2\/comments?post=10118"}],"version-history":[{"count":3,"href":"http:\/\/www.jetlagstudios.fr\/wp\/wp-json\/wp\/v2\/pages\/10118\/revisions"}],"predecessor-version":[{"id":11418,"href":"http:\/\/www.jetlagstudios.fr\/wp\/wp-json\/wp\/v2\/pages\/10118\/revisions\/11418"}],"wp:attachment":[{"href":"http:\/\/www.jetlagstudios.fr\/wp\/wp-json\/wp\/v2\/media?parent=10118"}],"curies":[{"name":"wp","href":"https:\/\/api.w.org\/{rel}","templated":true}]}}